{"id":81,"date":"2015-05-17T19:30:21","date_gmt":"2015-05-17T19:30:21","guid":{"rendered":"http:\/\/vin.domaine-gonon.fr\/vin-bourgogne\/newsletter"},"modified":"2019-02-25T13:21:17","modified_gmt":"2019-02-25T13:21:17","slug":"newsletter","status":"publish","type":"page","link":"https:\/\/vin.domaine-gonon.fr\/vin-bourgogne\/newsletter\/","title":{"rendered":"Newsletter"},"content":{"rendered":"<p><a href=\"http:\/\/vin.domaine-gonon.fr\/vin-bourgogne\/wp-content\/uploads\/2015\/05\/Bandeau_Vergisson.jpg\"><img loading=\"lazy\" decoding=\"async\" class=\"alignnone size-full wp-image-153\" src=\"http:\/\/vin.domaine-gonon.fr\/vin-bourgogne\/wp-content\/uploads\/2015\/05\/Bandeau_Vergisson.jpg\" alt=\"Bandeau_Vergisson\" width=\"800\" height=\"200\" srcset=\"https:\/\/vin.domaine-gonon.fr\/vin-bourgogne\/wp-content\/uploads\/2015\/05\/Bandeau_Vergisson.jpg 800w, https:\/\/vin.domaine-gonon.fr\/vin-bourgogne\/wp-content\/uploads\/2015\/05\/Bandeau_Vergisson-300x75.jpg 300w\" sizes=\"(max-width: 800px) 100vw, 800px\" \/><\/a><\/p>\n<p>Nous vous proposons de vous inscrire \u00e0 notre newsletter pour recevoir des informations relatives \u00e0 notre site, \u00e0 notre Domaine, de nouvelles fonctionnalit\u00e9s ou encore pour acc\u00e9der \u00e0 des offres sp\u00e9cifiques.<\/p>\n<p>En raison du spamming massif, nous avons d\u00e9cid\u00e9 de suspendre l&rsquo;inscription \u00e0 la newsletter. Merci de votre compr\u00e9hension !<\/p>\n<p>Suivez nous sur FaceBook !\u00a0<a href=\"https:\/\/www.facebook.com\/Domaine-Gonon-391484511045450\/\">https:\/\/www.facebook.com\/Domaine-Gonon-391484511045450\/<\/a><\/p>\n<p><div class=\"tnp tnp-subscription \">\n<form method=\"post\" action=\"https:\/\/vin.domaine-gonon.fr\/vin-bourgogne\/?na=s\">\n\n<input type=\"hidden\" name=\"nlang\" value=\"\"><div class=\"tnp-field tnp-field-firstname\"><label for=\"tnp-1\">Nom<\/label>\n<input class=\"tnp-name\" type=\"text\" name=\"nn\" id=\"tnp-1\" value=\"\" required><\/div>\n<div class=\"tnp-field tnp-field-surname\"><label for=\"tnp-2\">Pr\u00e9nom<\/label>\n<input class=\"tnp-surname\" type=\"text\" name=\"ns\" id=\"tnp-2\" value=\"\" required><\/div><div class=\"tnp-field tnp-field-email\"><label for=\"tnp-3\">e-mail<\/label>\n<input class=\"tnp-email\" type=\"email\" name=\"ne\" id=\"tnp-3\" value=\"\" required><\/div>\n<div class=\"tnp-field tnp-field-button\"><input class=\"tnp-submit\" type=\"submit\" value=\"S&#039;inscrire\" >\n<\/div>\n<\/form>\n<\/div>\n<\/p>\n<p>&nbsp;<\/p>\n<p>&nbsp;<\/p>\n<div class=\"likebtn_container\" style=\"\"><!-- LikeBtn.com BEGIN --><span class=\"likebtn-wrapper\"  data-identifier=\"page_81\"  data-lang=\"fr\"  data-style=\"\"  data-unlike_allowed=\"\"  data-show_copyright=\"\"  data-item_url=\"https:\/\/vin.domaine-gonon.fr\/vin-bourgogne\/newsletter\/\"  data-item_title=\"Newsletter\"  data-item_date=\"2015-05-17T19:30:21+00:00\"  data-engine=\"WordPress\"  data-plugin_v=\"2.6.50\"  data-event_handler=\"likebtn_eh\" ><\/span><!-- LikeBtn.com END --><\/div>","protected":false},"excerpt":{"rendered":"<p>Nous vous proposons de vous inscrire \u00e0 notre newsletter pour recevoir des informations relatives \u00e0 notre site, \u00e0 notre Domaine, de nouvelles fonctionnalit\u00e9s ou encore pour acc\u00e9der \u00e0 des offres sp\u00e9cifiques. En raison du spamming massif, nous avons d\u00e9cid\u00e9 de suspendre l&rsquo;inscription \u00e0 la newsletter. Merci de votre compr\u00e9hension ! Suivez nous sur FaceBook !\u00a0https:\/\/www.facebook.com\/Domaine-Gonon-391484511045450\/<\/p>\n<div class=\"likebtn_container\" style=\"\"><!-- LikeBtn.com BEGIN --><span class=\"likebtn-wrapper\"  data-identifier=\"page_81\"  data-lang=\"fr\"  data-style=\"\"  data-unlike_allowed=\"\"  data-show_copyright=\"\"  data-item_url=\"https:\/\/vin.domaine-gonon.fr\/vin-bourgogne\/newsletter\/\"  data-item_title=\"Newsletter\"  data-item_date=\"2015-05-17T19:30:21+00:00\"  data-engine=\"WordPress\"  data-plugin_v=\"2.6.50\"  data-event_handler=\"likebtn_eh\" ><\/span><!-- LikeBtn.com END --><\/div>","protected":false},"author":1,"featured_media":0,"parent":0,"menu_order":0,"comment_status":"closed","ping_status":"closed","template":"","meta":{"footnotes":""},"_links":{"self":[{"href":"https:\/\/vin.domaine-gonon.fr\/vin-bourgogne\/wp-json\/wp\/v2\/pages\/81"}],"collection":[{"href":"https:\/\/vin.domaine-gonon.fr\/vin-bourgogne\/wp-json\/wp\/v2\/pages"}],"about":[{"href":"https:\/\/vin.domaine-gonon.fr\/vin-bourgogne\/wp-json\/wp\/v2\/types\/page"}],"author":[{"embeddable":true,"href":"https:\/\/vin.domaine-gonon.fr\/vin-bourgogne\/wp-json\/wp\/v2\/users\/1"}],"replies":[{"embeddable":true,"href":"https:\/\/vin.domaine-gonon.fr\/vin-bourgogne\/wp-json\/wp\/v2\/comments?post=81"}],"version-history":[{"count":12,"href":"https:\/\/vin.domaine-gonon.fr\/vin-bourgogne\/wp-json\/wp\/v2\/pages\/81\/revisions"}],"predecessor-version":[{"id":768,"href":"https:\/\/vin.domaine-gonon.fr\/vin-bourgogne\/wp-json\/wp\/v2\/pages\/81\/revisions\/768"}],"wp:attachment":[{"href":"https:\/\/vin.domaine-gonon.fr\/vin-bourgogne\/wp-json\/wp\/v2\/media?parent=81"}],"curies":[{"name":"wp","href":"https:\/\/api.w.org\/{rel}","templated":true}]}}