{"id":722,"date":"2018-05-01T15:49:58","date_gmt":"2018-05-01T15:49:58","guid":{"rendered":"http:\/\/vin.domaine-gonon.fr\/vin-bourgogne\/?page_id=722"},"modified":"2019-07-12T17:15:56","modified_gmt":"2019-07-12T17:15:56","slug":"qr-code","status":"publish","type":"page","link":"https:\/\/vin.domaine-gonon.fr\/vin-bourgogne\/qr-code\/","title":{"rendered":"Laissez nous votre avis !"},"content":{"rendered":"<p><a href=\"http:\/\/search.google.com\/local\/writereview?placeid=ChIJVdmcfC5x80cRjMIw3rozJAI'\"><img loading=\"lazy\" decoding=\"async\" class=\"aligncenter wp-image-796 size-full\" src=\"http:\/\/vin.domaine-gonon.fr\/vin-bourgogne\/wp-content\/uploads\/2019\/07\/Avis-e1562951451296.png\" alt=\"\" width=\"640\" height=\"240\" \/><\/a><\/p>\n<p><strong>Votre avis est extr\u00eamement important pour nous.<\/strong><br \/>\nVous avez aim\u00e9 notre vin ? Prenez 2 minutes pour \u00e9valuer votre d\u00e9gustation !<\/p>\n<p>Merci par avance,<\/p>\n<p>Domaine Gonon<\/p>\n<p><a href=\"http:\/\/search.google.com\/local\/writereview?placeid=ChIJVdmcfC5x80cRjMIw3rozJAI\">Si vous n&rsquo;\u00eates pas automatiquement redirig\u00e9s, cliquez ici<\/a><\/p>\n\t\t<meta http-equiv=\"refresh\" content=\"1; url=http:\/\/search.google.com\/local\/writereview?placeid=ChIJVdmcfC5x80cRjMIw3rozJAI\">\r\n\t\tPlease wait while you are redirected...or <a href=\"http:\/\/search.google.com\/local\/writereview?placeid=ChIJVdmcfC5x80cRjMIw3rozJAI\">Click Here<\/a> if you do not want to wait.\r\n\n<hr \/>\n<p><a id=\"Facebook_QRCode\" href=\"https:\/\/fr-fr.facebook.com\/Domaine-Gonon-391484511045450\/\" target=\"_blank\" rel=\"https:\/\/fr-fr.facebook.com\/domaine-gonon-391484511045450\/ noopener noreferrer\"><img loading=\"lazy\" decoding=\"async\" class=\"alignnone wp-image-581 size-full\" src=\"http:\/\/vin.domaine-gonon.fr\/vin-bourgogne\/wp-content\/uploads\/2015\/10\/Domaine-Gonon_FaceBook.jpg\" alt=\"Actualit\u00e9 de domaine gonon sur Facbook : Pouyilly Fuiss\u00e9, Saint V\u00e9ran, Bourgogne Chardonnay\" width=\"360\" height=\"91\" \/><\/a><\/p>\n<p><a id=\"Facebook_QRCode\" href=\"https:\/\/fr-fr.facebook.com\/Domaine-Gonon-391484511045450\/\">D\u00e9couvrir notre FaceBook &#8211; Domaine Gonon<\/a><\/p>\n<hr \/>\n<p><a href=\"https:\/\/www.instagram.com\/domainegonon\/\" target=\"_blank\" rel=\"noopener noreferrer\"><img loading=\"lazy\" decoding=\"async\" class=\"alignnone  wp-image-735\" src=\"http:\/\/vin.domaine-gonon.fr\/vin-bourgogne\/wp-content\/uploads\/2018\/05\/instagram-Gonon.jpg\" alt=\"\" width=\"152\" height=\"123\" srcset=\"https:\/\/vin.domaine-gonon.fr\/vin-bourgogne\/wp-content\/uploads\/2018\/05\/instagram-Gonon.jpg 740w, https:\/\/vin.domaine-gonon.fr\/vin-bourgogne\/wp-content\/uploads\/2018\/05\/instagram-Gonon-300x242.jpg 300w\" sizes=\"(max-width: 152px) 100vw, 152px\" \/><\/a><\/p>\n<p><a href=\"https:\/\/www.instagram.com\/domainegonon\/\" target=\"_blank\" rel=\"noopener noreferrer\">D\u00e9couvrir notre Instagram &#8211; Domaine Gonon<\/a><\/p>\n<hr \/>\n<p><a id=\"Website_QRCode\" href=\"http:\/\/vin.domaine-gonon.fr\/vin-bourgogne\/\" target=\"_blank\" rel=\"http:\/\/vin.domaine-gonon.fr\/vin-bourgogne\/ noopener noreferrer\"><img loading=\"lazy\" decoding=\"async\" class=\"alignnone wp-image-734\" src=\"http:\/\/vin.domaine-gonon.fr\/vin-bourgogne\/wp-content\/uploads\/2018\/05\/site_Gonon.jpg\" alt=\"\" width=\"353\" height=\"229\" \/><\/a><\/p>\n<p><a id=\"Website_QRCode\" href=\"http:\/\/vin.domaine-gonon.fr\/vin-bourgogne\/\">D\u00e9couvrir notre Site Internet<\/a><\/p>\n<div class=\"likebtn_container\" style=\"\"><!-- LikeBtn.com BEGIN --><span class=\"likebtn-wrapper\"  data-identifier=\"page_722\"  data-lang=\"fr\"  data-style=\"\"  data-unlike_allowed=\"\"  data-show_copyright=\"\"  data-item_url=\"https:\/\/vin.domaine-gonon.fr\/vin-bourgogne\/qr-code\/\"  data-item_title=\"Laissez nous votre avis !\"  data-item_date=\"2018-05-01T15:49:58+00:00\"  data-engine=\"WordPress\"  data-plugin_v=\"2.6.50\"  data-event_handler=\"likebtn_eh\" ><\/span><!-- LikeBtn.com END --><\/div>","protected":false},"excerpt":{"rendered":"<p>Votre avis est extr\u00eamement important pour nous. Vous avez aim\u00e9 notre vin ? Prenez 2 minutes pour \u00e9valuer votre d\u00e9gustation ! Merci par avance, Domaine Gonon Si vous n&rsquo;\u00eates pas automatiquement redirig\u00e9s, cliquez ici D\u00e9couvrir notre FaceBook &#8211; Domaine Gonon D\u00e9couvrir notre Instagram &#8211; Domaine Gonon D\u00e9couvrir notre Site Internet<\/p>\n<div class=\"likebtn_container\" style=\"\"><!-- LikeBtn.com BEGIN --><span class=\"likebtn-wrapper\"  data-identifier=\"page_722\"  data-lang=\"fr\"  data-style=\"\"  data-unlike_allowed=\"\"  data-show_copyright=\"\"  data-item_url=\"https:\/\/vin.domaine-gonon.fr\/vin-bourgogne\/qr-code\/\"  data-item_title=\"Laissez nous votre avis !\"  data-item_date=\"2018-05-01T15:49:58+00:00\"  data-engine=\"WordPress\"  data-plugin_v=\"2.6.50\"  data-event_handler=\"likebtn_eh\" ><\/span><!-- LikeBtn.com END --><\/div>","protected":false},"author":1,"featured_media":0,"parent":0,"menu_order":0,"comment_status":"closed","ping_status":"closed","template":"page-with-fullwidth.php","meta":{"footnotes":""},"_links":{"self":[{"href":"https:\/\/vin.domaine-gonon.fr\/vin-bourgogne\/wp-json\/wp\/v2\/pages\/722"}],"collection":[{"href":"https:\/\/vin.domaine-gonon.fr\/vin-bourgogne\/wp-json\/wp\/v2\/pages"}],"about":[{"href":"https:\/\/vin.domaine-gonon.fr\/vin-bourgogne\/wp-json\/wp\/v2\/types\/page"}],"author":[{"embeddable":true,"href":"https:\/\/vin.domaine-gonon.fr\/vin-bourgogne\/wp-json\/wp\/v2\/users\/1"}],"replies":[{"embeddable":true,"href":"https:\/\/vin.domaine-gonon.fr\/vin-bourgogne\/wp-json\/wp\/v2\/comments?post=722"}],"version-history":[{"count":18,"href":"https:\/\/vin.domaine-gonon.fr\/vin-bourgogne\/wp-json\/wp\/v2\/pages\/722\/revisions"}],"predecessor-version":[{"id":800,"href":"https:\/\/vin.domaine-gonon.fr\/vin-bourgogne\/wp-json\/wp\/v2\/pages\/722\/revisions\/800"}],"wp:attachment":[{"href":"https:\/\/vin.domaine-gonon.fr\/vin-bourgogne\/wp-json\/wp\/v2\/media?parent=722"}],"curies":[{"name":"wp","href":"https:\/\/api.w.org\/{rel}","templated":true}]}}