{"id":63,"date":"2015-05-17T08:25:43","date_gmt":"2015-05-17T08:25:43","guid":{"rendered":"http:\/\/vin.domaine-gonon.fr\/vin-bourgogne\/?page_id=63"},"modified":"2015-05-21T13:21:31","modified_gmt":"2015-05-21T13:21:31","slug":"contactez-domaine-gonon","status":"publish","type":"page","link":"https:\/\/vin.domaine-gonon.fr\/vin-bourgogne\/","title":{"rendered":"Contactez-nous quick"},"content":{"rendered":"<div id='formContainer2005322227' class='sfForm rednaoFormContainer SfFormElementContainer bootstrap-wrapper'><\/div><script>\n            var ajaxurl = 'https:\/\/vin.domaine-gonon.fr\/vin-bourgogne\/wp-admin\/admin-ajax.php';\n            var smartFormsCurrentTime=new Date('Sat May 02 2026 08:15:09 +0000');\n            \tvar smartFormsSaveNonce=\"1483ea3f78\";\n            \tvar smartFormsUserName=\"\";\n            \tvar smartFormsFirstName=\"\";\n            \tvar smartFormsLastName=\"\";\n            \tvar smartFormsEmail=\"\";\n                var smartFormsPath=\"https:\/\/vin.domaine-gonon.fr\/vin-bourgogne\/wp-content\/plugins\/smart-forms\/\";\n                var smartDonationsRootPath=\"\";\n                var smartDonationsSandbox=\"\";\n                var smartFormsAdditionalFields2=[];\n                var smartFormsDesignMode=false;\n                if(!window.smartFormsItemsToLoad)\n                    window.smartFormsItemsToLoad=new Array();                                                   \n        window.smartFormsItemsToLoad.push({ 'form_id':2,  'elements':[{\"ClassName\":\"rednaotitle\",\"IsRequired\":\"n\",\"Formulas\":{},\"Styles\":{\"redNaoLegend\":{\"Scope\":\"1\",\"Properties\":{\"Font-Family\":\"\\\"Arial\\\",\\\"Helvetica\\\",\\\"sans-serif\\\"\",\"Color\":\"#FF0F0F\",\"border-bottom-color\":\"#E8E8E8\"}}},\"Id\":\"rnField1\",\"Spacing\":\"col-sm-12\",\"Title\":\"Contactez-nous\",\"CustomCSS\":\"\"},{\"ClassName\":\"rednaoname\",\"IsRequired\":\"y\",\"Formulas\":{},\"Styles\":{},\"Id\":\"rnField2\",\"Spacing\":\"col-sm-12\",\"Label\":\"Coordonn\u00e9es\",\"FirstNamePlaceholder\":\"Pr\u00e9nom\",\"LastNamePlaceholder\":\"Nom\",\"FirstNameValue\":\"\",\"LastNameValue\":\"\",\"ReadOnly\":\"n\",\"Icon\":{\"ClassName\":\"\"},\"CustomCSS\":\"\"},{\"ClassName\":\"rednaotextinput\",\"IsRequired\":\"y\",\"Formulas\":{},\"Styles\":{},\"Id\":\"rnField10\",\"Spacing\":\"col-sm-6\",\"Label\":\"T\u00e9l\u00e9phone\",\"Placeholder\":\"Votre num\u00e9ro de t\u00e9l\u00e9phone\",\"Value\":\"\",\"ReadOnly\":\"n\",\"Width\":\"\",\"Icon\":{\"ClassName\":\"glyphicon glyphicon-phone\",\"Orientation\":\"Add\"},\"CustomCSS\":\"\",\"Placeholder_Icon\":{\"ClassName\":\"\",\"Orientation\":\"\"}},{\"ClassName\":\"rednaoemail\",\"IsRequired\":\"y\",\"Formulas\":{},\"Styles\":{},\"Id\":\"rnField4\",\"Spacing\":\"col-sm-6\",\"Label\":\"Email\",\"Placeholder\":\"Adresse eMail\",\"Icon\":{\"ClassName\":\"glyphicon glyphicon-envelope\",\"Orientation\":\"Add\"},\"CustomCSS\":\"\",\"Placeholder_Icon\":{\"ClassName\":\"\",\"Orientation\":\"\"}},{\"ClassName\":\"rednaotextarea\",\"IsRequired\":\"n\",\"Formulas\":{},\"Styles\":{},\"Id\":\"rnField8\",\"Spacing\":\"col-sm-6\",\"Label\":\"Message\",\"DefaultText\":\"Veuillez saisir votre message\",\"Value\":\"\",\"Width\":\"\",\"Height\":\"\",\"Placeholder\":\"Placeholder\",\"Disabled\":\"n\",\"MaxLength\":\"\",\"CustomCSS\":\"\",\"Placeholder_Icon\":{\"ClassName\":\"\",\"Orientation\":\"\"}},{\"ClassName\":\"rednaosubmissionbutton\",\"IsRequired\":\"n\",\"Formulas\":{},\"Styles\":{},\"Id\":\"rnField9\",\"Spacing\":\"col-sm-12\",\"ButtonText\":\"Envoyez votre demande\",\"CustomCSS\":\"\",\"Icon\":{\"ClassName\":\"glyphicon glyphicon-send\",\"Orientation\":\"Add\"},\"Animated\":\"y\"}],'client_form_options':{\"JavascriptCode\":\"  \/\/AUTO GENERATED CODE, DO NOT DELETE\\n(function(){var javaObject={\\n\\n\\n\/\/YOU CAN PUT YOUR CODE BELLOW\\n\\n\\n\/\/jQueryFormReference:A jquery reference of the loaded form\\nAfterFormLoaded:function(jQueryFormReference){\\n     \/\/Here you can put code that you want to be executed after the form is loaded\\n},\\n\\n\\n\/\/jQueryFormReference:A jquery reference of the loaded form\\n\/\/formData:An object with the information that is going to be submitted\\nBeforeFormSubmit:function(formData,jQueryFormReference){\\n    \/\/Here you can put code that you want to be executed before the form is submitted\\n}\\n\\n\\n\\n\/\/MORE AUTO GENERATED CODE, DO NOT DELETE\\n}; return javaObject;})    \",\"CSS\":\"\",\"Conditions\":[],\"UsesCaptcha\":\"n\",\"alert_message\":\"Merci. \\nVotre demande a bien \u00e9t\u00e9 prise en compte.\",\"alert_message_cb\":\"y\",\"redirect_to\":[{\"URL\":\"\",\"RCSettings\":{\"Redirect\":\"always\",\"ConditionSettings\":[]}}],\"redirect_to_cb\":\"n\",\"Campaign\":null,\"PayPalEmail\":\"\",\"PayPalDescription\":\"\",\"PayPalCurrency\":null,\"Formulas\":{},\"InvalidInputMessage\":\"*Merci de remplir les champs obligatoires\",\"FormType\":\"nor\",\"SplitSteps\":{},\"Extensions\":{}},'container':'formContainer2005322227'});<\/script>\n<div class=\"likebtn_container\" style=\"\"><!-- LikeBtn.com BEGIN --><span class=\"likebtn-wrapper\"  data-identifier=\"page_63\"  data-lang=\"fr\"  data-style=\"\"  data-unlike_allowed=\"\"  data-show_copyright=\"\"  data-item_url=\"https:\/\/vin.domaine-gonon.fr\/vin-bourgogne\/\"  data-item_title=\"Contactez-nous quick\"  data-item_date=\"2015-05-17T08:25:43+00:00\"  data-engine=\"WordPress\"  data-plugin_v=\"2.6.50\"  data-event_handler=\"likebtn_eh\" ><\/span><!-- LikeBtn.com END --><\/div>","protected":false},"excerpt":{"rendered":"<div class=\"likebtn_container\" style=\"\"><!-- LikeBtn.com BEGIN --><span class=\"likebtn-wrapper\"  data-identifier=\"page_63\"  data-lang=\"fr\"  data-style=\"\"  data-unlike_allowed=\"\"  data-show_copyright=\"\"  data-item_url=\"https:\/\/vin.domaine-gonon.fr\/vin-bourgogne\/\"  data-item_title=\"Contactez-nous quick\"  data-item_date=\"2015-05-17T08:25:43+00:00\"  data-engine=\"WordPress\"  data-plugin_v=\"2.6.50\"  data-event_handler=\"likebtn_eh\" ><\/span><!-- LikeBtn.com END --><\/div>","protected":false},"author":1,"featured_media":0,"parent":0,"menu_order":0,"comment_status":"closed","ping_status":"closed","template":"","meta":{"footnotes":""},"_links":{"self":[{"href":"https:\/\/vin.domaine-gonon.fr\/vin-bourgogne\/wp-json\/wp\/v2\/pages\/63"}],"collection":[{"href":"https:\/\/vin.domaine-gonon.fr\/vin-bourgogne\/wp-json\/wp\/v2\/pages"}],"about":[{"href":"https:\/\/vin.domaine-gonon.fr\/vin-bourgogne\/wp-json\/wp\/v2\/types\/page"}],"author":[{"embeddable":true,"href":"https:\/\/vin.domaine-gonon.fr\/vin-bourgogne\/wp-json\/wp\/v2\/users\/1"}],"replies":[{"embeddable":true,"href":"https:\/\/vin.domaine-gonon.fr\/vin-bourgogne\/wp-json\/wp\/v2\/comments?post=63"}],"version-history":[{"count":3,"href":"https:\/\/vin.domaine-gonon.fr\/vin-bourgogne\/wp-json\/wp\/v2\/pages\/63\/revisions"}],"predecessor-version":[{"id":272,"href":"https:\/\/vin.domaine-gonon.fr\/vin-bourgogne\/wp-json\/wp\/v2\/pages\/63\/revisions\/272"}],"wp:attachment":[{"href":"https:\/\/vin.domaine-gonon.fr\/vin-bourgogne\/wp-json\/wp\/v2\/media?parent=63"}],"curies":[{"name":"wp","href":"https:\/\/api.w.org\/{rel}","templated":true}]}}