{"id":42,"date":"2015-05-16T20:00:41","date_gmt":"2015-05-16T20:00:41","guid":{"rendered":"http:\/\/vin.domaine-gonon.fr\/vin-bourgogne\/?page_id=42"},"modified":"2015-11-27T13:50:41","modified_gmt":"2015-11-27T13:50:41","slug":"macon-villages-blanc","status":"publish","type":"page","link":"https:\/\/vin.domaine-gonon.fr\/vin-bourgogne\/nos-vins\/macon-villages-blanc\/","title":{"rendered":"M\u00e2con Villages Blanc"},"content":{"rendered":"<p style=\"text-align: justify;\"><div class=\"row\"><div class=\"one_half\"><p> Issu de jeunes vignes implant\u00e9es sur sol argilo-calcaire, le M\u00e2con Villages Blanc est typique de l\u2019appellation avec sa robe or p\u00e2le, limpide ; Ce M\u00e2con Villages Blanc a un nez tr\u00e8s ouvert o\u00f9 l\u2019on d\u00e9c\u00e8le des notes d\u2019agrumes, de gen\u00eat et de fruits exotiques. Tout en rondeur, soutenu par une pointe acidul\u00e9e, d\u2019une richesse et d\u2019un tr\u00e8s bon \u00e9quilibre, ce M\u00e2con Villages Blanc est harmonieux.<br \/>\n<img loading=\"lazy\" decoding=\"async\" class=\"alignnone wp-image-67\" title=\"C\u00e9page\" src=\"http:\/\/vin.domaine-gonon.fr\/vin-bourgogne\/wp-content\/uploads\/2015\/05\/Favicon1.jpg\" alt=\"C\u00e9page\" width=\"23\" height=\"24\" \/>: <a href=\"http:\/\/vin.domaine-gonon.fr\/vin-bourgogne\/cepage-vin-chardonnay\/\">Chardonnay <\/a><img loading=\"lazy\" decoding=\"async\" class=\"alignnone wp-image-379\" title=\"Temp\u00e9rature de service\" src=\"http:\/\/vin.domaine-gonon.fr\/vin-bourgogne\/wp-content\/uploads\/2015\/05\/Thermometre.jpg\" alt=\"Temp\u00e9rature de service\" width=\"22\" height=\"22\" \/>:\u00a0 12-13\u00b0 <img loading=\"lazy\" decoding=\"async\" class=\"alignnone wp-image-386\" title=\"Dur\u00e9e de garde\" src=\"http:\/\/vin.domaine-gonon.fr\/vin-bourgogne\/wp-content\/uploads\/2015\/05\/Garde1.jpg\" alt=\"Dur\u00e9e de garde\" width=\"18\" height=\"22\" \/> : Garde de 7 \u00e0 10 ans<\/p><\/div><div class=\"one_half last \"><p>\u00a0<img loading=\"lazy\" decoding=\"async\" class=\" wp-image-96 size-medium alignright\" src=\"http:\/\/vin.domaine-gonon.fr\/vin-bourgogne\/wp-content\/uploads\/2015\/05\/Macon-villages-blanc-original-300x226.jpg\" alt=\"Macon-villages-blanc-original\" width=\"300\" height=\"226\" srcset=\"https:\/\/vin.domaine-gonon.fr\/vin-bourgogne\/wp-content\/uploads\/2015\/05\/Macon-villages-blanc-original-300x226.jpg 300w, https:\/\/vin.domaine-gonon.fr\/vin-bourgogne\/wp-content\/uploads\/2015\/05\/Macon-villages-blanc-original.jpg 850w\" sizes=\"(max-width: 300px) 100vw, 300px\" \/><\/p><\/div><\/div><br \/>\n<a class=\" but_warning_sign   \" href=\"http:\/\/vin.domaine-gonon.fr\/vin-bourgogne\/contactez-nous\/\" target=\"\">Contactez-nous<\/a>&nbsp;&nbsp;<\/p>\n<div class=\"likebtn_container\" style=\"\"><!-- LikeBtn.com BEGIN --><span class=\"likebtn-wrapper\"  data-identifier=\"page_42\"  data-lang=\"fr\"  data-style=\"\"  data-unlike_allowed=\"\"  data-show_copyright=\"\"  data-item_url=\"https:\/\/vin.domaine-gonon.fr\/vin-bourgogne\/nos-vins\/macon-villages-blanc\/\"  data-item_title=\"M\u00e2con Villages Blanc\"  data-item_date=\"2015-05-16T20:00:41+00:00\"  data-engine=\"WordPress\"  data-plugin_v=\"2.6.50\"  data-event_handler=\"likebtn_eh\" ><\/span><!-- LikeBtn.com END --><\/div>","protected":false},"excerpt":{"rendered":"<div class=\"likebtn_container\" style=\"\"><!-- LikeBtn.com BEGIN --><span class=\"likebtn-wrapper\"  data-identifier=\"page_42\"  data-lang=\"fr\"  data-style=\"\"  data-unlike_allowed=\"\"  data-show_copyright=\"\"  data-item_url=\"https:\/\/vin.domaine-gonon.fr\/vin-bourgogne\/nos-vins\/macon-villages-blanc\/\"  data-item_title=\"M\u00e2con Villages Blanc\"  data-item_date=\"2015-05-16T20:00:41+00:00\"  data-engine=\"WordPress\"  data-plugin_v=\"2.6.50\"  data-event_handler=\"likebtn_eh\" ><\/span><!-- LikeBtn.com END --><\/div>","protected":false},"author":1,"featured_media":0,"parent":69,"menu_order":3,"comment_status":"closed","ping_status":"closed","template":"","meta":{"footnotes":""},"_links":{"self":[{"href":"https:\/\/vin.domaine-gonon.fr\/vin-bourgogne\/wp-json\/wp\/v2\/pages\/42"}],"collection":[{"href":"https:\/\/vin.domaine-gonon.fr\/vin-bourgogne\/wp-json\/wp\/v2\/pages"}],"about":[{"href":"https:\/\/vin.domaine-gonon.fr\/vin-bourgogne\/wp-json\/wp\/v2\/types\/page"}],"author":[{"embeddable":true,"href":"https:\/\/vin.domaine-gonon.fr\/vin-bourgogne\/wp-json\/wp\/v2\/users\/1"}],"replies":[{"embeddable":true,"href":"https:\/\/vin.domaine-gonon.fr\/vin-bourgogne\/wp-json\/wp\/v2\/comments?post=42"}],"version-history":[{"count":26,"href":"https:\/\/vin.domaine-gonon.fr\/vin-bourgogne\/wp-json\/wp\/v2\/pages\/42\/revisions"}],"predecessor-version":[{"id":602,"href":"https:\/\/vin.domaine-gonon.fr\/vin-bourgogne\/wp-json\/wp\/v2\/pages\/42\/revisions\/602"}],"up":[{"embeddable":true,"href":"https:\/\/vin.domaine-gonon.fr\/vin-bourgogne\/wp-json\/wp\/v2\/pages\/69"}],"wp:attachment":[{"href":"https:\/\/vin.domaine-gonon.fr\/vin-bourgogne\/wp-json\/wp\/v2\/media?parent=42"}],"curies":[{"name":"wp","href":"https:\/\/api.w.org\/{rel}","templated":true}]}}