{"id":2,"date":"2015-05-04T15:58:40","date_gmt":"2015-05-04T15:58:40","guid":{"rendered":"http:\/\/vin.domaine-gonon.fr\/vin-bourgogne\/?page_id=2"},"modified":"2024-01-26T12:52:59","modified_gmt":"2024-01-26T12:52:59","slug":"pouilly-fuisse","status":"publish","type":"page","link":"https:\/\/vin.domaine-gonon.fr\/vin-bourgogne\/nos-vins\/pouilly-fuisse\/","title":{"rendered":"Pouilly Fuiss\u00e9"},"content":{"rendered":"<h3>D\u00e9couvrez nos 3 Pouilly Fuisse<\/h3>\n<ul>\n<li>\n<h3><a href=\"http:\/\/vin.domaine-gonon.fr\/vin-bourgogne\/nos-vins\/pouilly-fuisse\/pouilly-fuisse-vignes-dessus-2\/\"><strong>Pouilly Fuiss\u00e9 Vignes Dessus<\/strong><\/a><\/h3>\n<\/li>\n<li>\n<h3><strong><a href=\"http:\/\/vin.domaine-gonon.fr\/vin-bourgogne\/nos-vins\/pouilly-fuisse\/pouilly-fuisse-marechaude\/\">Pouilly Fuiss\u00e9 1er Cru La Mar\u00e9chaude<\/a><br \/>\n<\/strong><\/h3>\n<\/li>\n<li>\n<h3><strong><a href=\"http:\/\/vin.domaine-gonon.fr\/vin-bourgogne\/nos-vins\/pouilly-fuisse\/pouilly-fuisse-vieilles-vignes-2\/\">Pouilly Fuiss\u00e9 Vieilles Vignes<\/a><br \/>\n<\/strong><\/h3>\n<\/li>\n<\/ul>\n<h3><img loading=\"lazy\" decoding=\"async\" class=\"alignnone wp-image-532 size-full\" src=\"http:\/\/vin.domaine-gonon.fr\/vin-bourgogne\/wp-content\/uploads\/2015\/08\/Pouilly-Fuisse-trio.jpg\" alt=\"Pr\u00e9sentation des 3 Pouilly-Fuiss\u00e9 du Domaine Gonon, en bourgogne \u00e0 Vergisson.\" width=\"1280\" height=\"723\" srcset=\"https:\/\/vin.domaine-gonon.fr\/vin-bourgogne\/wp-content\/uploads\/2015\/08\/Pouilly-Fuisse-trio.jpg 1280w, https:\/\/vin.domaine-gonon.fr\/vin-bourgogne\/wp-content\/uploads\/2015\/08\/Pouilly-Fuisse-trio-300x169.jpg 300w, https:\/\/vin.domaine-gonon.fr\/vin-bourgogne\/wp-content\/uploads\/2015\/08\/Pouilly-Fuisse-trio-1024x578.jpg 1024w\" sizes=\"(max-width: 1280px) 100vw, 1280px\" \/><\/h3>\n<hr \/>\n<div class=\"row\"><div class=\"one_half\"><p> <b>Histoire<\/b>: L&rsquo;appellation (Pouilly Fuiss\u00e9 a \u00e9t\u00e9 cr\u00e9\u00e9e en 1936. L&rsquo;aire g\u00e9ographique de l&rsquo;appellation s&rsquo;\u00e9tend sur 4 communes : Chaintr\u00e9, Fuiss\u00e9, <a href=\"http:\/\/vin.domaine-gonon.fr\/vin-bourgogne\/solutre\/\">Solutr\u00e9<\/a>-Pouilly et <a href=\"http:\/\/vin.domaine-gonon.fr\/vin-bourgogne\/vergisson\/\">Vergisson <\/a>situ\u00e9es au sud de la Bourgogne, \u00e0 une dizaine de kilom\u00e8tres \u00e0 l&rsquo;ouest de M\u00e2con.\u00a0Le vignoble de Pouilly-Fuiss\u00e9 couvre environ 760 hectares situ\u00e9s \u00e0 une altitude comprise entre 200 et 300 m\u00e8tres, suivant une exposition est\/sud-est et sud. Le terroir repose sur des bancs calcaires \u00e0 entroques typiques de la Roche de <a href=\"http:\/\/vin.domaine-gonon.fr\/vin-bourgogne\/solutre\/\">Solutr\u00e9 <\/a>et de <a href=\"http:\/\/vin.domaine-gonon.fr\/vin-bourgogne\/vergisson\/\">Vergisson<\/a>, par ailleurs embl\u00e9matiques de ce vignoble.<br \/>\nLes vins Pouilly-Fuiss\u00e9 sont des vins blancs exclusivement issus du c\u00e9page Chardonnay. Ce sont des vins souvent riches et complexes, sur des notes caract\u00e9ristiques min\u00e9rales, d&rsquo;agrumes, de fleurs blanches, de mie de pain et quelques accents miell\u00e9s<\/p><\/div><div class=\"one_half last \"><p> <img loading=\"lazy\" decoding=\"async\" class=\"  wp-image-157 aligncenter\" src=\"http:\/\/vin.domaine-gonon.fr\/vin-bourgogne\/wp-content\/uploads\/2015\/05\/Pouilly-Fuiss\u00e9-Or-Terrre.jpg\" alt=\"Pouilly-Fuiss\u00e9-Or-Terrre\" width=\"366\" height=\"185\" srcset=\"https:\/\/vin.domaine-gonon.fr\/vin-bourgogne\/wp-content\/uploads\/2015\/05\/Pouilly-Fuiss\u00e9-Or-Terrre.jpg 449w, https:\/\/vin.domaine-gonon.fr\/vin-bourgogne\/wp-content\/uploads\/2015\/05\/Pouilly-Fuiss\u00e9-Or-Terrre-300x152.jpg 300w\" sizes=\"(max-width: 366px) 100vw, 366px\" \/><\/p><\/div><\/div>\n<p style=\"text-align: right;\"><a class=\" but_warning_sign   \" href=\"http:\/\/vin.domaine-gonon.fr\/vin-bourgogne\/contactez-nous\/\" target=\"\">Contactez-nous<\/a>&nbsp;&nbsp;<\/p>\n<div class=\"likebtn_container\" style=\"\"><!-- LikeBtn.com BEGIN --><span class=\"likebtn-wrapper\"  data-identifier=\"page_2\"  data-lang=\"fr\"  data-style=\"\"  data-unlike_allowed=\"\"  data-show_copyright=\"\"  data-item_url=\"https:\/\/vin.domaine-gonon.fr\/vin-bourgogne\/nos-vins\/pouilly-fuisse\/\"  data-item_title=\"Pouilly Fuiss\u00e9\"  data-item_date=\"2015-05-04T15:58:40+00:00\"  data-engine=\"WordPress\"  data-plugin_v=\"2.6.50\"  data-event_handler=\"likebtn_eh\" ><\/span><!-- LikeBtn.com END --><\/div>","protected":false},"excerpt":{"rendered":"<p>D\u00e9couvrez nos 3 Pouilly Fuisse Pouilly Fuiss\u00e9 Vignes Dessus Pouilly Fuiss\u00e9 1er Cru La Mar\u00e9chaude Pouilly Fuiss\u00e9 Vieilles Vignes<\/p>\n<div class=\"likebtn_container\" style=\"\"><!-- LikeBtn.com BEGIN --><span class=\"likebtn-wrapper\"  data-identifier=\"page_2\"  data-lang=\"fr\"  data-style=\"\"  data-unlike_allowed=\"\"  data-show_copyright=\"\"  data-item_url=\"https:\/\/vin.domaine-gonon.fr\/vin-bourgogne\/nos-vins\/pouilly-fuisse\/\"  data-item_title=\"Pouilly Fuiss\u00e9\"  data-item_date=\"2015-05-04T15:58:40+00:00\"  data-engine=\"WordPress\"  data-plugin_v=\"2.6.50\"  data-event_handler=\"likebtn_eh\" ><\/span><!-- LikeBtn.com END --><\/div>","protected":false},"author":1,"featured_media":0,"parent":69,"menu_order":1,"comment_status":"closed","ping_status":"open","template":"page-with-fullwidth.php","meta":{"footnotes":""},"_links":{"self":[{"href":"https:\/\/vin.domaine-gonon.fr\/vin-bourgogne\/wp-json\/wp\/v2\/pages\/2"}],"collection":[{"href":"https:\/\/vin.domaine-gonon.fr\/vin-bourgogne\/wp-json\/wp\/v2\/pages"}],"about":[{"href":"https:\/\/vin.domaine-gonon.fr\/vin-bourgogne\/wp-json\/wp\/v2\/types\/page"}],"author":[{"embeddable":true,"href":"https:\/\/vin.domaine-gonon.fr\/vin-bourgogne\/wp-json\/wp\/v2\/users\/1"}],"replies":[{"embeddable":true,"href":"https:\/\/vin.domaine-gonon.fr\/vin-bourgogne\/wp-json\/wp\/v2\/comments?post=2"}],"version-history":[{"count":79,"href":"https:\/\/vin.domaine-gonon.fr\/vin-bourgogne\/wp-json\/wp\/v2\/pages\/2\/revisions"}],"predecessor-version":[{"id":867,"href":"https:\/\/vin.domaine-gonon.fr\/vin-bourgogne\/wp-json\/wp\/v2\/pages\/2\/revisions\/867"}],"up":[{"embeddable":true,"href":"https:\/\/vin.domaine-gonon.fr\/vin-bourgogne\/wp-json\/wp\/v2\/pages\/69"}],"wp:attachment":[{"href":"https:\/\/vin.domaine-gonon.fr\/vin-bourgogne\/wp-json\/wp\/v2\/media?parent=2"}],"curies":[{"name":"wp","href":"https:\/\/api.w.org\/{rel}","templated":true}]}}