{"id":470,"date":"2015-08-07T16:58:10","date_gmt":"2015-08-07T16:58:10","guid":{"rendered":"http:\/\/vin.domaine-gonon.fr\/vin-bourgogne\/?page_id=470"},"modified":"2015-08-26T17:45:56","modified_gmt":"2015-08-26T17:45:56","slug":"cepage-vin-chardonnay","status":"publish","type":"page","link":"http:\/\/vin.domaine-gonon.fr\/vin-bourgogne\/cepage-vin-chardonnay\/","title":{"rendered":"C\u00e9page &#038; vin Chardonnay"},"content":{"rendered":"<p>Le chardonnay est un c\u00e9page blanc, qui provient de la Bourgogne. Il a aujourd&rsquo;hui une renomm\u00e9e internationale qui va bien au del\u00e0 de la r\u00e9gion de bourgogne.\u00a0 C&rsquo;est le c\u00e9page le plus connu dans le monde.<\/p>\n<p>Le c\u00e9page Chardonnay est utilis\u00e9 pour la production de nos <a href=\"http:\/\/vin.domaine-gonon.fr\/vin-bourgogne\/nos-vins\/pouilly-fuisse\/\">Pouilly-Fuiss\u00e9<\/a>, <a href=\"http:\/\/vin.domaine-gonon.fr\/vin-bourgogne\/nos-vins\/saint-veran\/\">Saint V\u00e9ran<\/a>, <a href=\"http:\/\/vin.domaine-gonon.fr\/vin-bourgogne\/nos-vins\/bourgogne-chardonnay\/\">Bourgogne Chardonnay<\/a>y ainsi que notre <a href=\"http:\/\/vin.domaine-gonon.fr\/vin-bourgogne\/nos-vins\/macon-villages-blanc\/\">Macon Villages Blanc<\/a>. Il est aussi utilis\u00e9 en Champagne ainsi que dans d&rsquo;autres r\u00e9gions de la France.<\/p>\n<p>&nbsp;<\/p>\n<p>Le c\u00e9page Chardonnay donne un raisin dor\u00e9 qui donne des ar\u00f4mes vari\u00e9s aux notes d\u2019agrumes, de fruits secs, d&rsquo;amandes grill\u00e9es ou encore de brioche. Il est \u00e9galement un c\u00e9page, qui peut contribuer \u00e0 la garde d&rsquo;un vin.<\/p>\n<p>La robe des vins issus de ce c\u00e9page est d\u2019un jaune d\u2019or brillant avec des reflets verts.<\/p>\n<p>&nbsp;<\/p>\n<p><span style=\"font-family: Courier New;\">&lt;fb:like&gt;<\/span><\/p>\n<p>&nbsp;<\/p>\n<div class=\"likebtn_container\" style=\"\"><!-- LikeBtn.com BEGIN --><span class=\"likebtn-wrapper\"  data-identifier=\"page_470\"  data-lang=\"fr\"  data-style=\"\"  data-unlike_allowed=\"\"  data-show_copyright=\"\"  data-item_url=\"http:\/\/vin.domaine-gonon.fr\/vin-bourgogne\/cepage-vin-chardonnay\/\"  data-item_title=\"C\u00e9page &amp; vin Chardonnay\"  data-item_date=\"2015-08-07T16:58:10+00:00\"  data-engine=\"WordPress\"  data-plugin_v=\"2.6.50\"  data-event_handler=\"likebtn_eh\" ><\/span><!-- LikeBtn.com END --><\/div>","protected":false},"excerpt":{"rendered":"<p>Le chardonnay est un c\u00e9page blanc, qui provient de la Bourgogne. Il a aujourd&rsquo;hui une renomm\u00e9e internationale qui va bien au del\u00e0 de la r\u00e9gion de bourgogne.\u00a0 C&rsquo;est le c\u00e9page le plus connu dans le monde. Le c\u00e9page Chardonnay est utilis\u00e9 pour la production de nos Pouilly-Fuiss\u00e9, Saint V\u00e9ran, Bourgogne Chardonnayy ainsi que notre Macon<\/p>\n<div class=\"likebtn_container\" style=\"\"><!-- LikeBtn.com BEGIN --><span class=\"likebtn-wrapper\"  data-identifier=\"page_470\"  data-lang=\"fr\"  data-style=\"\"  data-unlike_allowed=\"\"  data-show_copyright=\"\"  data-item_url=\"http:\/\/vin.domaine-gonon.fr\/vin-bourgogne\/cepage-vin-chardonnay\/\"  data-item_title=\"C\u00e9page &amp; vin Chardonnay\"  data-item_date=\"2015-08-07T16:58:10+00:00\"  data-engine=\"WordPress\"  data-plugin_v=\"2.6.50\"  data-event_handler=\"likebtn_eh\" ><\/span><!-- LikeBtn.com END --><\/div>","protected":false},"author":1,"featured_media":0,"parent":0,"menu_order":0,"comment_status":"closed","ping_status":"closed","template":"","meta":{"footnotes":""},"_links":{"self":[{"href":"http:\/\/vin.domaine-gonon.fr\/vin-bourgogne\/wp-json\/wp\/v2\/pages\/470"}],"collection":[{"href":"http:\/\/vin.domaine-gonon.fr\/vin-bourgogne\/wp-json\/wp\/v2\/pages"}],"about":[{"href":"http:\/\/vin.domaine-gonon.fr\/vin-bourgogne\/wp-json\/wp\/v2\/types\/page"}],"author":[{"embeddable":true,"href":"http:\/\/vin.domaine-gonon.fr\/vin-bourgogne\/wp-json\/wp\/v2\/users\/1"}],"replies":[{"embeddable":true,"href":"http:\/\/vin.domaine-gonon.fr\/vin-bourgogne\/wp-json\/wp\/v2\/comments?post=470"}],"version-history":[{"count":5,"href":"http:\/\/vin.domaine-gonon.fr\/vin-bourgogne\/wp-json\/wp\/v2\/pages\/470\/revisions"}],"predecessor-version":[{"id":522,"href":"http:\/\/vin.domaine-gonon.fr\/vin-bourgogne\/wp-json\/wp\/v2\/pages\/470\/revisions\/522"}],"wp:attachment":[{"href":"http:\/\/vin.domaine-gonon.fr\/vin-bourgogne\/wp-json\/wp\/v2\/media?parent=470"}],"curies":[{"name":"wp","href":"https:\/\/api.w.org\/{rel}","templated":true}]}}