{"id":44,"date":"2015-05-16T20:01:01","date_gmt":"2015-05-16T20:01:01","guid":{"rendered":"http:\/\/vin.domaine-gonon.fr\/vin-bourgogne\/?page_id=44"},"modified":"2015-11-27T13:51:27","modified_gmt":"2015-11-27T13:51:27","slug":"bourgogne-pinot-noir","status":"publish","type":"page","link":"http:\/\/vin.domaine-gonon.fr\/vin-bourgogne\/nos-vins\/bourgogne-pinot-noir\/","title":{"rendered":"Bourgogne Pinot Noir"},"content":{"rendered":"<p><a href=\"http:\/\/vin.domaine-gonon.fr\/vin-bourgogne\/wp-content\/uploads\/2015\/08\/Bourgogne_Pinot_Noir.jpg\"><img loading=\"lazy\" decoding=\"async\" class=\"alignnone size-full wp-image-523\" src=\"http:\/\/vin.domaine-gonon.fr\/vin-bourgogne\/wp-content\/uploads\/2015\/08\/Bourgogne_Pinot_Noir.jpg\" alt=\"Bourgogne Pinot Noir du Domaine Gonon \u00e0 Vergisson\" width=\"1280\" height=\"658\" srcset=\"http:\/\/vin.domaine-gonon.fr\/vin-bourgogne\/wp-content\/uploads\/2015\/08\/Bourgogne_Pinot_Noir.jpg 1280w, http:\/\/vin.domaine-gonon.fr\/vin-bourgogne\/wp-content\/uploads\/2015\/08\/Bourgogne_Pinot_Noir-300x154.jpg 300w, http:\/\/vin.domaine-gonon.fr\/vin-bourgogne\/wp-content\/uploads\/2015\/08\/Bourgogne_Pinot_Noir-1024x526.jpg 1024w\" sizes=\"(max-width: 1280px) 100vw, 1280px\" \/><\/a><\/p>\n<p>Produit sur le village de Bussieres, ce Bourgogne Pinot Noir \u00e0 la robe rouge cerise s&rsquo;ouvre sur des notes fruit\u00e9s. Le Bourgogne Pinot Noir \u00e9lev\u00e9 en cuve exprime ici toute sa typicit\u00e9.<\/p>\n<p><img loading=\"lazy\" decoding=\"async\" class=\"alignnone wp-image-67\" title=\"C\u00e9page\" src=\"http:\/\/vin.domaine-gonon.fr\/vin-bourgogne\/wp-content\/uploads\/2015\/05\/Favicon1.jpg\" alt=\"C\u00e9page\" width=\"23\" height=\"24\" \/>: Pinot Noir <img loading=\"lazy\" decoding=\"async\" class=\"alignnone wp-image-379\" title=\"Temp\u00e9rature de service\" src=\"http:\/\/vin.domaine-gonon.fr\/vin-bourgogne\/wp-content\/uploads\/2015\/05\/Thermometre.jpg\" alt=\"Temp\u00e9rature de service\" width=\"22\" height=\"22\" \/>:\u00a0 12\u00b0 <img loading=\"lazy\" decoding=\"async\" class=\"alignnone wp-image-386\" title=\"Dur\u00e9e de garde\" src=\"http:\/\/vin.domaine-gonon.fr\/vin-bourgogne\/wp-content\/uploads\/2015\/05\/Garde1.jpg\" alt=\"Dur\u00e9e de garde\" width=\"18\" height=\"22\" \/> : A boire d\u00e8s maintenant, avec une de garde de 3 \u00e0 5 ans<\/p>\n<p style=\"text-align: right;\"><a class=\" but_warning_sign   \" href=\"http:\/\/vin.domaine-gonon.fr\/vin-bourgogne\/contactez-nous\/\" target=\"\">Contactez-nous<\/a>&nbsp;&nbsp;<\/p>\n<p>&nbsp;<\/p>\n<div class=\"likebtn_container\" style=\"\"><!-- LikeBtn.com BEGIN --><span class=\"likebtn-wrapper\"  data-identifier=\"page_44\"  data-lang=\"fr\"  data-style=\"\"  data-unlike_allowed=\"\"  data-show_copyright=\"\"  data-item_url=\"http:\/\/vin.domaine-gonon.fr\/vin-bourgogne\/nos-vins\/bourgogne-pinot-noir\/\"  data-item_title=\"Bourgogne Pinot Noir\"  data-item_date=\"2015-05-16T20:01:01+00:00\"  data-engine=\"WordPress\"  data-plugin_v=\"2.6.50\"  data-event_handler=\"likebtn_eh\" ><\/span><!-- LikeBtn.com END --><\/div>","protected":false},"excerpt":{"rendered":"<p>Produit sur le village de Bussieres, ce Bourgogne Pinot Noir \u00e0 la robe rouge cerise s&rsquo;ouvre sur des notes fruit\u00e9s. Le Bourgogne Pinot Noir \u00e9lev\u00e9 en cuve exprime ici toute sa typicit\u00e9. : Pinot Noir :\u00a0 12\u00b0 : A boire d\u00e8s maintenant, avec une de garde de 3 \u00e0 5 ans &nbsp;<\/p>\n<div class=\"likebtn_container\" style=\"\"><!-- LikeBtn.com BEGIN --><span class=\"likebtn-wrapper\"  data-identifier=\"page_44\"  data-lang=\"fr\"  data-style=\"\"  data-unlike_allowed=\"\"  data-show_copyright=\"\"  data-item_url=\"http:\/\/vin.domaine-gonon.fr\/vin-bourgogne\/nos-vins\/bourgogne-pinot-noir\/\"  data-item_title=\"Bourgogne Pinot Noir\"  data-item_date=\"2015-05-16T20:01:01+00:00\"  data-engine=\"WordPress\"  data-plugin_v=\"2.6.50\"  data-event_handler=\"likebtn_eh\" ><\/span><!-- LikeBtn.com END --><\/div>","protected":false},"author":1,"featured_media":0,"parent":69,"menu_order":4,"comment_status":"closed","ping_status":"closed","template":"page-with-fullwidth.php","meta":{"footnotes":""},"_links":{"self":[{"href":"http:\/\/vin.domaine-gonon.fr\/vin-bourgogne\/wp-json\/wp\/v2\/pages\/44"}],"collection":[{"href":"http:\/\/vin.domaine-gonon.fr\/vin-bourgogne\/wp-json\/wp\/v2\/pages"}],"about":[{"href":"http:\/\/vin.domaine-gonon.fr\/vin-bourgogne\/wp-json\/wp\/v2\/types\/page"}],"author":[{"embeddable":true,"href":"http:\/\/vin.domaine-gonon.fr\/vin-bourgogne\/wp-json\/wp\/v2\/users\/1"}],"replies":[{"embeddable":true,"href":"http:\/\/vin.domaine-gonon.fr\/vin-bourgogne\/wp-json\/wp\/v2\/comments?post=44"}],"version-history":[{"count":15,"href":"http:\/\/vin.domaine-gonon.fr\/vin-bourgogne\/wp-json\/wp\/v2\/pages\/44\/revisions"}],"predecessor-version":[{"id":603,"href":"http:\/\/vin.domaine-gonon.fr\/vin-bourgogne\/wp-json\/wp\/v2\/pages\/44\/revisions\/603"}],"up":[{"embeddable":true,"href":"http:\/\/vin.domaine-gonon.fr\/vin-bourgogne\/wp-json\/wp\/v2\/pages\/69"}],"wp:attachment":[{"href":"http:\/\/vin.domaine-gonon.fr\/vin-bourgogne\/wp-json\/wp\/v2\/media?parent=44"}],"curies":[{"name":"wp","href":"https:\/\/api.w.org\/{rel}","templated":true}]}}