{"id":416,"date":"2015-07-22T11:49:48","date_gmt":"2015-07-22T11:49:48","guid":{"rendered":"http:\/\/vin.domaine-gonon.fr\/vin-bourgogne\/?page_id=416"},"modified":"2015-07-22T11:57:23","modified_gmt":"2015-07-22T11:57:23","slug":"solutre","status":"publish","type":"page","link":"http:\/\/vin.domaine-gonon.fr\/vin-bourgogne\/solutre\/","title":{"rendered":"Solutr\u00e9"},"content":{"rendered":"Les vignes de <a href=\"http:\/\/vin.domaine-gonon.fr\/vin-bourgogne\/notre-domaine\/\">notre domaine<\/a> sont \u00e9galement situ\u00e9s \u00e0 Solutr\u00e9.<\/p>\n<p>Solutr\u00e9 tire sa c\u00e9l\u00e9brit\u00e9, notamment en raison de sa roche (voisine de celle de <a href=\"http:\/\/vin.domaine-gonon.fr\/vin-bourgogne\/vergisson\/\">Vergisson<\/a>), mais aussi de son site pr\u00e9historique \u00e9ponyme de la culture pal\u00e9olithique : l&rsquo;\u00e9re Solutr\u00e9en.<\/p>\n<p>Sur la commune de Solutr\u00e9, nous produisons diff\u00e9rents vins, issus du c\u00e9page Chardonnay comme le <a href=\"http:\/\/vin.domaine-gonon.fr\/vin-bourgogne\/nos-vins\/pouilly-fuisse\/\">Pouilly-fuiss\u00e9<\/a>. Il s\u2019agit en outre du berceau du <a class=\"mw-redirect\" title=\"Vignoble de Pouilly-Fuiss\u00e9\" href=\"http:\/\/vin.domaine-gonon.fr\/vin-bourgogne\/nos-vins\/pouilly-fuisse\/\">Pouilly-Fuiss\u00e9<\/a>, vin blanc renomm\u00e9.<\/p>\n<p>On y trouve des villages et hameaux typiquement m\u00e2connais :<\/p>\n<ul>\n<li>au nord, au milieu des monts et des vignes, le village de <a title=\"Vergisson\" href=\"http:\/\/vin.domaine-gonon.fr\/vin-bourgogne\/vergisson\/\">Vergisson<\/a> et sa Roche\u00a0;<\/li>\n<li>\u00e0 l&rsquo;ouest, la \u00ab\u00a0voie romaine\u00a0\u00bb, et au del\u00e0 des vignes<\/li>\n<li>au sud, le village de Solutr\u00e9-Pouilly et le Mont de Pouilly.<\/li>\n<\/ul>\n<p>De nombreuses photos de la roche de Solutr\u00e9 sont disponibles dans la <a href=\"http:\/\/vin.domaine-gonon.fr\/vin-bourgogne\/notre-domaine\/galerie-photos\/\">galerie photos<\/a> de <a href=\"http:\/\/vin.domaine-gonon.fr\/vin-bourgogne\/notre-domaine\/\">notre domaine<\/a><\/p>\n<p>\n<div class=\"likebtn_container\" style=\"\"><!-- LikeBtn.com BEGIN --><span class=\"likebtn-wrapper\"  data-identifier=\"page_416\"  data-lang=\"fr\"  data-style=\"\"  data-unlike_allowed=\"\"  data-show_copyright=\"\"  data-item_url=\"http:\/\/vin.domaine-gonon.fr\/vin-bourgogne\/solutre\/\"  data-item_title=\"Solutr\u00e9\"  data-item_date=\"2015-07-22T11:49:48+00:00\"  data-engine=\"WordPress\"  data-plugin_v=\"2.6.50\"  data-event_handler=\"likebtn_eh\" ><\/span><!-- LikeBtn.com END --><\/div>","protected":false},"excerpt":{"rendered":"<div class=\"likebtn_container\" style=\"\"><!-- LikeBtn.com BEGIN --><span class=\"likebtn-wrapper\"  data-identifier=\"page_416\"  data-lang=\"fr\"  data-style=\"\"  data-unlike_allowed=\"\"  data-show_copyright=\"\"  data-item_url=\"http:\/\/vin.domaine-gonon.fr\/vin-bourgogne\/solutre\/\"  data-item_title=\"Solutr\u00e9\"  data-item_date=\"2015-07-22T11:49:48+00:00\"  data-engine=\"WordPress\"  data-plugin_v=\"2.6.50\"  data-event_handler=\"likebtn_eh\" ><\/span><!-- LikeBtn.com END --><\/div>","protected":false},"author":1,"featured_media":0,"parent":0,"menu_order":0,"comment_status":"closed","ping_status":"closed","template":"","meta":{"footnotes":""},"_links":{"self":[{"href":"http:\/\/vin.domaine-gonon.fr\/vin-bourgogne\/wp-json\/wp\/v2\/pages\/416"}],"collection":[{"href":"http:\/\/vin.domaine-gonon.fr\/vin-bourgogne\/wp-json\/wp\/v2\/pages"}],"about":[{"href":"http:\/\/vin.domaine-gonon.fr\/vin-bourgogne\/wp-json\/wp\/v2\/types\/page"}],"author":[{"embeddable":true,"href":"http:\/\/vin.domaine-gonon.fr\/vin-bourgogne\/wp-json\/wp\/v2\/users\/1"}],"replies":[{"embeddable":true,"href":"http:\/\/vin.domaine-gonon.fr\/vin-bourgogne\/wp-json\/wp\/v2\/comments?post=416"}],"version-history":[{"count":3,"href":"http:\/\/vin.domaine-gonon.fr\/vin-bourgogne\/wp-json\/wp\/v2\/pages\/416\/revisions"}],"predecessor-version":[{"id":422,"href":"http:\/\/vin.domaine-gonon.fr\/vin-bourgogne\/wp-json\/wp\/v2\/pages\/416\/revisions\/422"}],"wp:attachment":[{"href":"http:\/\/vin.domaine-gonon.fr\/vin-bourgogne\/wp-json\/wp\/v2\/media?parent=416"}],"curies":[{"name":"wp","href":"https:\/\/api.w.org\/{rel}","templated":true}]}}