{"id":406,"date":"2015-07-22T07:13:03","date_gmt":"2015-07-22T07:13:03","guid":{"rendered":"http:\/\/vin.domaine-gonon.fr\/vin-bourgogne\/?page_id=406"},"modified":"2015-07-22T11:56:59","modified_gmt":"2015-07-22T11:56:59","slug":"vergisson","status":"publish","type":"page","link":"http:\/\/vin.domaine-gonon.fr\/vin-bourgogne\/vergisson\/","title":{"rendered":"Vergisson"},"content":{"rendered":"<a href=\"http:\/\/vin.domaine-gonon.fr\/vin-bourgogne\/notre-domaine\/\">notre domaine<\/a> est situ\u00e9 \u00e0 Vergisson.<\/p>\n<p>Vergisson, au sud de la Bourgogne et \u00e0 proximit\u00e9 de la c\u00e9l\u00e9bre roche de <a href=\"http:\/\/vin.domaine-gonon.fr\/vin-bourgogne\/solutre\/\">Solutr\u00e9 <\/a>est un village typique de la r\u00e9gion maconnaise. Les coteaux de la roche de Vergisson accueillent des vignes quadrill\u00e9es de murets de pierres s\u00e8ches. A Vergisson est produit <a title=\"Pouilly-fuiss\u00e9 (AOC)\" href=\"http:\/\/vin.domaine-gonon.fr\/vin-bourgogne\/nos-vins\/pouilly-fuisse\/\">Pouilly-Fuiss\u00e9<\/a> et le M\u00e2con-Vergisson.<\/p>\n<p>La Roche de Vergisson ainsi que la Roche de <a href=\"http:\/\/vin.domaine-gonon.fr\/vin-bourgogne\/solutre\/\">Solutr\u00e9 <\/a>ont la m\u00eame histoire g\u00e9ologique : massif corallien au Secondaire, soul\u00e8vement et basculement vers l&rsquo;est au Tertiaire, puis \u00e9rosions diverses.<\/p>\n<p>Le  po\u00e9te, romancier et homme politique Alphonse de Lamartine, qui est n\u00e9 \u00e0 M\u00e2con le <time datetime=\"1790-10-21\">21 octobre 1790<\/time> (10 km de Vergisson) parlait de la roche de <a href=\"http:\/\/vin.domaine-gonon.fr\/vin-bourgogne\/solutre\/\">Solutr\u00e9 <\/a>et Vergisson par ses termes :\u00a0\u00ab\u00a0deux navires p\u00e9trifi\u00e9s surplombant une mer de vignes\u00a0\u00bb.<\/p>\n<p>De nombreuses photos de Vergisson sont disponibles dans la <a href=\"http:\/\/vin.domaine-gonon.fr\/vin-bourgogne\/notre-domaine\/galerie-photos\/\">galerie photos<\/a> de <a href=\"http:\/\/vin.domaine-gonon.fr\/vin-bourgogne\/notre-domaine\/\">notre domaine<\/a><\/p>\n<p>\n<div class=\"likebtn_container\" style=\"\"><!-- LikeBtn.com BEGIN --><span class=\"likebtn-wrapper\"  data-identifier=\"page_406\"  data-lang=\"fr\"  data-style=\"\"  data-unlike_allowed=\"\"  data-show_copyright=\"\"  data-item_url=\"http:\/\/vin.domaine-gonon.fr\/vin-bourgogne\/vergisson\/\"  data-item_title=\"Vergisson\"  data-item_date=\"2015-07-22T07:13:03+00:00\"  data-engine=\"WordPress\"  data-plugin_v=\"2.6.50\"  data-event_handler=\"likebtn_eh\" ><\/span><!-- LikeBtn.com END --><\/div>","protected":false},"excerpt":{"rendered":"<div class=\"likebtn_container\" style=\"\"><!-- LikeBtn.com BEGIN --><span class=\"likebtn-wrapper\"  data-identifier=\"page_406\"  data-lang=\"fr\"  data-style=\"\"  data-unlike_allowed=\"\"  data-show_copyright=\"\"  data-item_url=\"http:\/\/vin.domaine-gonon.fr\/vin-bourgogne\/vergisson\/\"  data-item_title=\"Vergisson\"  data-item_date=\"2015-07-22T07:13:03+00:00\"  data-engine=\"WordPress\"  data-plugin_v=\"2.6.50\"  data-event_handler=\"likebtn_eh\" ><\/span><!-- LikeBtn.com END --><\/div>","protected":false},"author":1,"featured_media":0,"parent":0,"menu_order":0,"comment_status":"closed","ping_status":"closed","template":"","meta":{"footnotes":""},"_links":{"self":[{"href":"http:\/\/vin.domaine-gonon.fr\/vin-bourgogne\/wp-json\/wp\/v2\/pages\/406"}],"collection":[{"href":"http:\/\/vin.domaine-gonon.fr\/vin-bourgogne\/wp-json\/wp\/v2\/pages"}],"about":[{"href":"http:\/\/vin.domaine-gonon.fr\/vin-bourgogne\/wp-json\/wp\/v2\/types\/page"}],"author":[{"embeddable":true,"href":"http:\/\/vin.domaine-gonon.fr\/vin-bourgogne\/wp-json\/wp\/v2\/users\/1"}],"replies":[{"embeddable":true,"href":"http:\/\/vin.domaine-gonon.fr\/vin-bourgogne\/wp-json\/wp\/v2\/comments?post=406"}],"version-history":[{"count":12,"href":"http:\/\/vin.domaine-gonon.fr\/vin-bourgogne\/wp-json\/wp\/v2\/pages\/406\/revisions"}],"predecessor-version":[{"id":421,"href":"http:\/\/vin.domaine-gonon.fr\/vin-bourgogne\/wp-json\/wp\/v2\/pages\/406\/revisions\/421"}],"wp:attachment":[{"href":"http:\/\/vin.domaine-gonon.fr\/vin-bourgogne\/wp-json\/wp\/v2\/media?parent=406"}],"curies":[{"name":"wp","href":"https:\/\/api.w.org\/{rel}","templated":true}]}}