{"id":389,"date":"2015-06-16T06:39:07","date_gmt":"2015-06-16T06:39:07","guid":{"rendered":"http:\/\/vin.domaine-gonon.fr\/vin-bourgogne\/?page_id=389"},"modified":"2015-08-28T15:32:32","modified_gmt":"2015-08-28T15:32:32","slug":"macon-bussieres-chardonnay","status":"publish","type":"page","link":"http:\/\/vin.domaine-gonon.fr\/vin-bourgogne\/nos-vins\/macon-bussieres-chardonnay\/","title":{"rendered":"M\u00e2con Bussi\u00e8res"},"content":{"rendered":"<div class=\"row\"><div class=\"one_half\"><p><\/p>\n<p>&nbsp;<\/p>\n<p><a href=\"http:\/\/vin.domaine-gonon.fr\/vin-bourgogne\/wp-content\/uploads\/2015\/08\/Macon-Bussieres.jpg\"><img loading=\"lazy\" decoding=\"async\" class=\" size-full wp-image-551 aligncenter\" src=\"http:\/\/vin.domaine-gonon.fr\/vin-bourgogne\/wp-content\/uploads\/2015\/08\/Macon-Bussieres.jpg\" alt=\"Macon Bussiere, Gamay du Domaine Gonon \u00e0 Bussieres\" width=\"200\" height=\"400\" srcset=\"http:\/\/vin.domaine-gonon.fr\/vin-bourgogne\/wp-content\/uploads\/2015\/08\/Macon-Bussieres.jpg 200w, http:\/\/vin.domaine-gonon.fr\/vin-bourgogne\/wp-content\/uploads\/2015\/08\/Macon-Bussieres-150x300.jpg 150w\" sizes=\"(max-width: 200px) 100vw, 200px\" \/><\/a><\/p><\/div><div class=\"one_half last \"><p><\/p>\n<p>Produit sur les meilleurs coteaux du village de Bussi\u00e8res, ce vin exprime toute la typicit\u00e9 du <a href=\"http:\/\/vin.domaine-gonon.fr\/vin-bourgogne\/cepage-vin-chardonnay\/\">Chardonnay<\/a>.<br \/>\nAvec une robe jaune p\u00e2le, un nez fruit\u00e9 et une excellente persistance en bouche, il r\u00e9gale tous les amateurs de vins. Sa min\u00e9ralit\u00e9 assure une tenue dans le temps.<\/p>\n<p>&nbsp;<\/p>\n<p><img loading=\"lazy\" decoding=\"async\" class=\"alignnone wp-image-67\" title=\"C\u00e9page\" src=\"http:\/\/vin.domaine-gonon.fr\/vin-bourgogne\/wp-content\/uploads\/2015\/05\/Favicon1.jpg\" alt=\"C\u00e9page\" width=\"23\" height=\"24\" \/>: <a href=\"http:\/\/vin.domaine-gonon.fr\/vin-bourgogne\/cepage-vin-chardonnay\/\">Chardonnay <\/a><img loading=\"lazy\" decoding=\"async\" class=\"alignnone wp-image-379\" title=\"Temp\u00e9rature de service\" src=\"http:\/\/vin.domaine-gonon.fr\/vin-bourgogne\/wp-content\/uploads\/2015\/05\/Thermometre.jpg\" alt=\"Temp\u00e9rature de service\" width=\"22\" height=\"22\" \/>:\u00a0 13\u00b0 <img loading=\"lazy\" decoding=\"async\" class=\"alignnone wp-image-386\" title=\"Dur\u00e9e de garde\" src=\"http:\/\/vin.domaine-gonon.fr\/vin-bourgogne\/wp-content\/uploads\/2015\/05\/Garde1.jpg\" alt=\"Dur\u00e9e de garde\" width=\"18\" height=\"22\" \/> : A boire d\u00e9s maintenant,\u00a0 avec une garde de 5 ans et plus <\/p><\/div><\/div>\n<p style=\"text-align: right;\"><a class=\" but_warning_sign   \" href=\"http:\/\/vin.domaine-gonon.fr\/vin-bourgogne\/contactez-nous\/\" target=\"\">Contactez-nous<\/a>&nbsp;&nbsp;<\/p>\n<div class=\"likebtn_container\" style=\"\"><!-- LikeBtn.com BEGIN --><span class=\"likebtn-wrapper\"  data-identifier=\"page_389\"  data-lang=\"fr\"  data-style=\"\"  data-unlike_allowed=\"\"  data-show_copyright=\"\"  data-item_url=\"http:\/\/vin.domaine-gonon.fr\/vin-bourgogne\/nos-vins\/macon-bussieres-chardonnay\/\"  data-item_title=\"M\u00e2con Bussi\u00e8res\"  data-item_date=\"2015-06-16T06:39:07+00:00\"  data-engine=\"WordPress\"  data-plugin_v=\"2.6.50\"  data-event_handler=\"likebtn_eh\" ><\/span><!-- LikeBtn.com END --><\/div>","protected":false},"excerpt":{"rendered":"<div class=\"likebtn_container\" style=\"\"><!-- LikeBtn.com BEGIN --><span class=\"likebtn-wrapper\"  data-identifier=\"page_389\"  data-lang=\"fr\"  data-style=\"\"  data-unlike_allowed=\"\"  data-show_copyright=\"\"  data-item_url=\"http:\/\/vin.domaine-gonon.fr\/vin-bourgogne\/nos-vins\/macon-bussieres-chardonnay\/\"  data-item_title=\"M\u00e2con Bussi\u00e8res\"  data-item_date=\"2015-06-16T06:39:07+00:00\"  data-engine=\"WordPress\"  data-plugin_v=\"2.6.50\"  data-event_handler=\"likebtn_eh\" ><\/span><!-- LikeBtn.com END --><\/div>","protected":false},"author":1,"featured_media":0,"parent":69,"menu_order":5,"comment_status":"closed","ping_status":"closed","template":"page-with-fullwidth.php","meta":{"footnotes":""},"_links":{"self":[{"href":"http:\/\/vin.domaine-gonon.fr\/vin-bourgogne\/wp-json\/wp\/v2\/pages\/389"}],"collection":[{"href":"http:\/\/vin.domaine-gonon.fr\/vin-bourgogne\/wp-json\/wp\/v2\/pages"}],"about":[{"href":"http:\/\/vin.domaine-gonon.fr\/vin-bourgogne\/wp-json\/wp\/v2\/types\/page"}],"author":[{"embeddable":true,"href":"http:\/\/vin.domaine-gonon.fr\/vin-bourgogne\/wp-json\/wp\/v2\/users\/1"}],"replies":[{"embeddable":true,"href":"http:\/\/vin.domaine-gonon.fr\/vin-bourgogne\/wp-json\/wp\/v2\/comments?post=389"}],"version-history":[{"count":12,"href":"http:\/\/vin.domaine-gonon.fr\/vin-bourgogne\/wp-json\/wp\/v2\/pages\/389\/revisions"}],"predecessor-version":[{"id":555,"href":"http:\/\/vin.domaine-gonon.fr\/vin-bourgogne\/wp-json\/wp\/v2\/pages\/389\/revisions\/555"}],"up":[{"embeddable":true,"href":"http:\/\/vin.domaine-gonon.fr\/vin-bourgogne\/wp-json\/wp\/v2\/pages\/69"}],"wp:attachment":[{"href":"http:\/\/vin.domaine-gonon.fr\/vin-bourgogne\/wp-json\/wp\/v2\/media?parent=389"}],"curies":[{"name":"wp","href":"https:\/\/api.w.org\/{rel}","templated":true}]}}