{"id":12,"date":"2015-05-16T11:35:49","date_gmt":"2015-05-16T11:35:49","guid":{"rendered":"http:\/\/vin.domaine-gonon.fr\/vin-bourgogne\/?page_id=12"},"modified":"2015-06-02T17:54:26","modified_gmt":"2015-06-02T17:54:26","slug":"mentions-legales","status":"publish","type":"page","link":"http:\/\/vin.domaine-gonon.fr\/vin-bourgogne\/mentions-legales\/","title":{"rendered":"A propos de Domaine Gonon"},"content":{"rendered":"<p><div class=\"accrodation\"><span class=\"acc-trigger active\"><a href=\"#\">Propri\u00e9t\u00e9 et responsabilit\u00e9 \u00e9ditoriale<\/a><\/span>\n\t\t\t\t\t<div class=\"acc-container\">\n\t\t\t\t\t<div class=\"content\">EARL Gonon Carmentrant 71960 Vergisson T\u00e9l. : (33) 03-37-78-42 Fax : (33) 03-80-34-31-63 RCS M\u00e2con : Sirect 38105795999998 Capital social : 339.000 \u20ac Repr\u00e9sentant l\u00e9gal : Jean-Fran\u00e7ois Gonon<\/div>\n\t\t\t\t\t<\/div><span class=\"acc-trigger\"><a href=\"#\">R\u00e9alisation<\/a><\/span>\n\t\t\t\t\t<div class=\"acc-container\">\n\t\t\t\t\t<div class=\"content\">Emmanuel Gonon pour EARL Gonon<\/div>\n\t\t\t\t\t<\/div><span class=\"acc-trigger\"><a href=\"#\">H\u00e9bergement<\/a><\/span>\n\t\t\t\t\t<div class=\"acc-container\">\n\t\t\t\t\t<div class=\"content\">OVH SAS au capital de 500 k\u20ac RCS Roubaix \u2013 Tourcoing 424 761 419 00011 Si\u00e8ge social : 140 Quai du Sartel - 59100 Roubaix - France.<\/div>\n\t\t\t\t\t<\/div><\/div><br \/>\n<div class=\"accrodation\"><span class=\"acc-trigger active\"><a href=\"#\">Loi informatique et libert\u00e9<\/a><\/span>\n\t\t\t\t\t<div class=\"acc-container\">\n\t\t\t\t\t<div class=\"content\">www.domaine-gonon.com est enregistr\u00e9 a la CNIL n\u00b0705436. Conform\u00e9ment \u00e0 l article 34 de la loi informatique et libert\u00e9 vous disposez d un droit d acc\u00e8s de rectification et de suppression des donn\u00e9es vous concernant.Vous pouvez l exercer en nous adressant un e-mail par l interm\u00e9diare de notre formulaire de contact ou par courrier \u00e0 l adresse suivante : Domaine Gonon - Carmentrant - 71960 Vergisson<\/div>\n\t\t\t\t\t<\/div><\/div><br \/>\n<div class=\"accrodation\"><span class=\"acc-trigger active\"><a href=\"#\">Copyright et Propri\u00e9t\u00e9 intellectuelle<\/a><\/span>\n\t\t\t\t\t<div class=\"acc-container\">\n\t\t\t\t\t<div class=\"content\">L ensemble des \u00e9l\u00e9ments figurant sur notre site sont prot\u00e9g\u00e9s par les dispositions du Code de la Propri\u00e9t\u00e9 Intellectuelle. En cons\u00e9quence toute reproduction de ceux-ci totale ou partielle ou imitation sans notre accord expr\u00e8s pr\u00e9alable et \u00e9crit est interdite. Il est formellement interdit de collecter et d utiliser les informations disponibles sur le site \u00e0 des fins commerciales.Cette interdiction s \u00e9tend notamment sans que cette liste ne soit limitative \u00e0 tout \u00e9l\u00e9ment r\u00e9dactionnel figurant sur le site \u00e0 la pr\u00e9sentation des \u00e9crans aux logiciels n\u00e9cessaires \u00e0 l exploitation - aux logos - images - photos-graphiques- de quelque nature qu ils soient. <\/div>\n\t\t\t\t\t<\/div><\/div><\/p>\n<p style=\"text-align: center;\"><strong>L abus d&rsquo;alcool est dangereux pour la sant\u00e9 &#8211; a consommer avec mod\u00e9ration.\u00a0<\/strong><\/p>\n<div class=\"likebtn_container\" style=\"\"><!-- LikeBtn.com BEGIN --><span class=\"likebtn-wrapper\"  data-identifier=\"page_12\"  data-lang=\"fr\"  data-style=\"\"  data-unlike_allowed=\"\"  data-show_copyright=\"\"  data-item_url=\"http:\/\/vin.domaine-gonon.fr\/vin-bourgogne\/mentions-legales\/\"  data-item_title=\"A propos de Domaine Gonon\"  data-item_date=\"2015-05-16T11:35:49+00:00\"  data-engine=\"WordPress\"  data-plugin_v=\"2.6.50\"  data-event_handler=\"likebtn_eh\" ><\/span><!-- LikeBtn.com END --><\/div>","protected":false},"excerpt":{"rendered":"<p>L abus d&rsquo;alcool est dangereux pour la sant\u00e9 &#8211; a consommer avec mod\u00e9ration.\u00a0<\/p>\n<div class=\"likebtn_container\" style=\"\"><!-- LikeBtn.com BEGIN --><span class=\"likebtn-wrapper\"  data-identifier=\"page_12\"  data-lang=\"fr\"  data-style=\"\"  data-unlike_allowed=\"\"  data-show_copyright=\"\"  data-item_url=\"http:\/\/vin.domaine-gonon.fr\/vin-bourgogne\/mentions-legales\/\"  data-item_title=\"A propos de Domaine Gonon\"  data-item_date=\"2015-05-16T11:35:49+00:00\"  data-engine=\"WordPress\"  data-plugin_v=\"2.6.50\"  data-event_handler=\"likebtn_eh\" ><\/span><!-- LikeBtn.com END --><\/div>","protected":false},"author":1,"featured_media":0,"parent":0,"menu_order":0,"comment_status":"closed","ping_status":"open","template":"","meta":{"footnotes":""},"_links":{"self":[{"href":"http:\/\/vin.domaine-gonon.fr\/vin-bourgogne\/wp-json\/wp\/v2\/pages\/12"}],"collection":[{"href":"http:\/\/vin.domaine-gonon.fr\/vin-bourgogne\/wp-json\/wp\/v2\/pages"}],"about":[{"href":"http:\/\/vin.domaine-gonon.fr\/vin-bourgogne\/wp-json\/wp\/v2\/types\/page"}],"author":[{"embeddable":true,"href":"http:\/\/vin.domaine-gonon.fr\/vin-bourgogne\/wp-json\/wp\/v2\/users\/1"}],"replies":[{"embeddable":true,"href":"http:\/\/vin.domaine-gonon.fr\/vin-bourgogne\/wp-json\/wp\/v2\/comments?post=12"}],"version-history":[{"count":19,"href":"http:\/\/vin.domaine-gonon.fr\/vin-bourgogne\/wp-json\/wp\/v2\/pages\/12\/revisions"}],"predecessor-version":[{"id":362,"href":"http:\/\/vin.domaine-gonon.fr\/vin-bourgogne\/wp-json\/wp\/v2\/pages\/12\/revisions\/362"}],"wp:attachment":[{"href":"http:\/\/vin.domaine-gonon.fr\/vin-bourgogne\/wp-json\/wp\/v2\/media?parent=12"}],"curies":[{"name":"wp","href":"https:\/\/api.w.org\/{rel}","templated":true}]}}